{"id":1460,"date":"2023-11-24T15:20:56","date_gmt":"2023-11-24T18:20:56","guid":{"rendered":"https:\/\/ens41-sfe.infd.edu.ar\/sitio\/?page_id=1460"},"modified":"2025-12-16T20:53:51","modified_gmt":"2025-12-16T23:53:51","slug":"alumnado","status":"publish","type":"page","link":"https:\/\/ens41-sfe.infd.edu.ar\/sitio\/alumnado\/","title":{"rendered":"INFORMACION PARA INGRESANTES 2026"},"content":{"rendered":"\n<ul>\n<li>INSCRIPCIONES INGRESANTES A\u00d1O 2026\n<ul>\n<li>2<strong>\u00ba CONVOCATORIA:&nbsp; del 23 al 27 de Febrero 2026<\/strong><br>Escuela Normal Superior N\u00b0 41 \u00bb Jos\u00e9 de San Mart\u00edn\u00bb &#8211; Corrientes 1302 &#8211; San Jorge (Santa Fe)\n<ul>\n<li><a rel=\"noreferrer noopener\" href=\"https:\/\/docs.google.com\/forms\/d\/e\/1FAIpQLScbdvNQABG4vDOM2-IYycaK9Cskq-r1UkMdcpWjfkrfXheqQQ\/viewform?usp=sf_link\" data-type=\"URL\" data-id=\"https:\/\/docs.google.com\/forms\/d\/e\/1FAIpQLScbdvNQABG4vDOM2-IYycaK9Cskq-r1UkMdcpWjfkrfXheqQQ\/viewform?usp=sf_link\" target=\"_blank\">F<\/a><a href=\"https:\/\/forms.gle\/abur6JP7QNGcPzMJ7\" data-type=\"URL\" data-id=\"https:\/\/forms.gle\/abur6JP7QNGcPzMJ7\" target=\"_blank\" rel=\"noreferrer noopener\">ORMULARIO ONLINE<\/a><\/li>\n\n\n\n<li>DOCUMENTACI\u00d3N REQUERIDA\n<ul>\n<li>FOTOCOPIA AUTENTICADA DE D.N.I.&nbsp;<\/li>\n\n\n\n<li>-FOTOCOPIA AUTENTICADA DE T\u00cdTULO SECUNDARIO O CONSTANCIA DE T\u00cdTULO EN TR\u00c1MITE&nbsp;<\/li>\n\n\n\n<li>-FOTOCOPIA DE PARTIDA DE NACIMIENTO (autenticada si no es de la provincia de Santa Fe)<\/li>\n\n\n\n<li>-2 FOTOS CARNET 3X3&nbsp;<\/li>\n\n\n\n<li>-CERTIFICADO DE BUENA SALUD&nbsp;&nbsp;<\/li>\n\n\n\n<li>CARPETA LEGAJO COLOR AMARILLA<\/li>\n<\/ul>\n<\/li>\n<\/ul>\n<\/li>\n<\/ul>\n<\/li>\n<\/ul>\n","protected":false},"excerpt":{"rendered":"","protected":false},"author":12,"featured_media":0,"parent":0,"menu_order":0,"comment_status":"closed","ping_status":"closed","template":"","meta":[],"acf":[],"_links":{"self":[{"href":"https:\/\/ens41-sfe.infd.edu.ar\/sitio\/wp-json\/wp\/v2\/pages\/1460"}],"collection":[{"href":"https:\/\/ens41-sfe.infd.edu.ar\/sitio\/wp-json\/wp\/v2\/pages"}],"about":[{"href":"https:\/\/ens41-sfe.infd.edu.ar\/sitio\/wp-json\/wp\/v2\/types\/page"}],"author":[{"embeddable":true,"href":"https:\/\/ens41-sfe.infd.edu.ar\/sitio\/wp-json\/wp\/v2\/users\/12"}],"replies":[{"embeddable":true,"href":"https:\/\/ens41-sfe.infd.edu.ar\/sitio\/wp-json\/wp\/v2\/comments?post=1460"}],"version-history":[{"count":9,"href":"https:\/\/ens41-sfe.infd.edu.ar\/sitio\/wp-json\/wp\/v2\/pages\/1460\/revisions"}],"predecessor-version":[{"id":2104,"href":"https:\/\/ens41-sfe.infd.edu.ar\/sitio\/wp-json\/wp\/v2\/pages\/1460\/revisions\/2104"}],"wp:attachment":[{"href":"https:\/\/ens41-sfe.infd.edu.ar\/sitio\/wp-json\/wp\/v2\/media?parent=1460"}],"curies":[{"name":"wp","href":"https:\/\/api.w.org\/{rel}","templated":true}]}}