{"id":1469,"date":"2023-11-24T15:56:52","date_gmt":"2023-11-24T18:56:52","guid":{"rendered":"https:\/\/ens41-sfe.infd.edu.ar\/sitio\/?page_id=1469"},"modified":"2026-02-09T17:40:33","modified_gmt":"2026-02-09T20:40:33","slug":"examenes-finales-nov-dic-2023","status":"publish","type":"page","link":"https:\/\/ens41-sfe.infd.edu.ar\/sitio\/alumnado\/examenes-finales-nov-dic-2023\/","title":{"rendered":"EX\u00c1MENES FEBRERO &#8211; MARZO 2026"},"content":{"rendered":"\n<p>Fechas de mesas de ex\u00e1menes <\/p>\n\n\n\n<p>ATENCI\u00d3N: se encontrar\u00e1 una nueva PLANILLA DE INSCRIPCION en Librer\u00eda de Sergio a partir de Febrero 2026<\/p>\n\n\n\n<p>Entregar planilla por duplicado, se entrega 1 planilla por a\u00f1o, sin importar la condici\u00f3n del alumno (libre\/regular). Aqu\u00ed encontrar\u00e1n todas las carreras por a\u00f1o<\/p>\n\n\n\n<p>INFORMAR EN MESA DE ENTRADA SI TIENEN QUE MODIFICAR FECHA EN SUS PLANILLAS DE INSCRIPCIONES <\/p>\n\n\n\n<p>Pr\u00f3ximamente se publicar\u00e1n las fechas de las mismas aqu\u00ed<\/p>\n\n\n\n<div class=\"wp-block-file\"><object class=\"wp-block-file__embed\" data=\"https:\/\/ens41-sfe.infd.edu.ar\/sitio\/wp-content\/uploads\/2026\/02\/MESAS-DE-EXAMEN-FEB._MAR.-2026-VIERNES-1.pdf\" type=\"application\/pdf\" style=\"width:100%;height:600px\" aria-label=\"Incrustado de MESAS-DE-EXAMEN-FEB._MAR.-2026-VIERNES-1.\"><\/object><a id=\"wp-block-file--media-ce2757cc-eef9-455f-89ad-d14734d2ce3b\" href=\"https:\/\/ens41-sfe.infd.edu.ar\/sitio\/wp-content\/uploads\/2026\/02\/MESAS-DE-EXAMEN-FEB._MAR.-2026-VIERNES-1.pdf\">MESAS-DE-EXAMEN-FEB._MAR.-2026-VIERNES-1<\/a><a href=\"https:\/\/ens41-sfe.infd.edu.ar\/sitio\/wp-content\/uploads\/2026\/02\/MESAS-DE-EXAMEN-FEB._MAR.-2026-VIERNES-1.pdf\" class=\"wp-block-file__button wp-element-button\" download aria-describedby=\"wp-block-file--media-ce2757cc-eef9-455f-89ad-d14734d2ce3b\">Descarga<\/a><\/div>\n\n\n\n<div class=\"wp-block-file\"><object class=\"wp-block-file__embed\" data=\"https:\/\/ens41-sfe.infd.edu.ar\/sitio\/wp-content\/uploads\/2026\/02\/MESAS-DE-EXAMEN-FEB._MAR.-2026-MARTES-1.pdf\" type=\"application\/pdf\" style=\"width:100%;height:600px\" aria-label=\"Incrustado de MESAS-DE-EXAMEN-FEB._MAR.-2026-MARTES-1.\"><\/object><a id=\"wp-block-file--media-ddda39c0-2b66-458b-b4c7-94829508ee01\" href=\"https:\/\/ens41-sfe.infd.edu.ar\/sitio\/wp-content\/uploads\/2026\/02\/MESAS-DE-EXAMEN-FEB._MAR.-2026-MARTES-1.pdf\">MESAS-DE-EXAMEN-FEB._MAR.-2026-MARTES-1<\/a><a href=\"https:\/\/ens41-sfe.infd.edu.ar\/sitio\/wp-content\/uploads\/2026\/02\/MESAS-DE-EXAMEN-FEB._MAR.-2026-MARTES-1.pdf\" class=\"wp-block-file__button wp-element-button\" download aria-describedby=\"wp-block-file--media-ddda39c0-2b66-458b-b4c7-94829508ee01\">Descarga<\/a><\/div>\n\n\n\n<div class=\"wp-block-file\"><object class=\"wp-block-file__embed\" data=\"https:\/\/ens41-sfe.infd.edu.ar\/sitio\/wp-content\/uploads\/2026\/02\/MESAS-DE-EXAMEN-FEB._MAR.-2026-LUNES-2.pdf\" type=\"application\/pdf\" style=\"width:100%;height:600px\" aria-label=\"Incrustado de MESAS-DE-EXAMEN-FEB._MAR.-2026-LUNES-2.\"><\/object><a id=\"wp-block-file--media-53eecc25-a3d8-42f3-8450-fa383333c9ba\" href=\"https:\/\/ens41-sfe.infd.edu.ar\/sitio\/wp-content\/uploads\/2026\/02\/MESAS-DE-EXAMEN-FEB._MAR.-2026-LUNES-2.pdf\">MESAS-DE-EXAMEN-FEB._MAR.-2026-LUNES-2<\/a><a href=\"https:\/\/ens41-sfe.infd.edu.ar\/sitio\/wp-content\/uploads\/2026\/02\/MESAS-DE-EXAMEN-FEB._MAR.-2026-LUNES-2.pdf\" class=\"wp-block-file__button wp-element-button\" download aria-describedby=\"wp-block-file--media-53eecc25-a3d8-42f3-8450-fa383333c9ba\">Descarga<\/a><\/div>\n\n\n\n<div class=\"wp-block-file\"><object class=\"wp-block-file__embed\" data=\"https:\/\/ens41-sfe.infd.edu.ar\/sitio\/wp-content\/uploads\/2026\/02\/MESAS-DE-EXAMEN-FEB._MAR.-2026-MIERCOLES-1.pdf\" type=\"application\/pdf\" style=\"width:100%;height:600px\" aria-label=\"Incrustado de MESAS-DE-EXAMEN-FEB._MAR.-2026-MIERCOLES-1.\"><\/object><a id=\"wp-block-file--media-63a42e49-475d-459a-a41a-3534669b85c6\" href=\"https:\/\/ens41-sfe.infd.edu.ar\/sitio\/wp-content\/uploads\/2026\/02\/MESAS-DE-EXAMEN-FEB._MAR.-2026-MIERCOLES-1.pdf\">MESAS-DE-EXAMEN-FEB._MAR.-2026-MIERCOLES-1<\/a><a href=\"https:\/\/ens41-sfe.infd.edu.ar\/sitio\/wp-content\/uploads\/2026\/02\/MESAS-DE-EXAMEN-FEB._MAR.-2026-MIERCOLES-1.pdf\" class=\"wp-block-file__button wp-element-button\" download aria-describedby=\"wp-block-file--media-63a42e49-475d-459a-a41a-3534669b85c6\">Descarga<\/a><\/div>\n\n\n\n<div class=\"wp-block-file\"><object class=\"wp-block-file__embed\" data=\"https:\/\/ens41-sfe.infd.edu.ar\/sitio\/wp-content\/uploads\/2026\/02\/MESAS-DE-EXAMEN-FEB._MAR.-2026-JUEVES-1-1.pdf\" type=\"application\/pdf\" style=\"width:100%;height:600px\" aria-label=\"Incrustado de MESAS-DE-EXAMEN-FEB._MAR.-2026-JUEVES-1-1.\"><\/object><a id=\"wp-block-file--media-5f155818-ae6b-40f8-a094-c7e8fa4c0c9c\" href=\"https:\/\/ens41-sfe.infd.edu.ar\/sitio\/wp-content\/uploads\/2026\/02\/MESAS-DE-EXAMEN-FEB._MAR.-2026-JUEVES-1-1.pdf\">MESAS-DE-EXAMEN-FEB._MAR.-2026-JUEVES-1-1<\/a><a href=\"https:\/\/ens41-sfe.infd.edu.ar\/sitio\/wp-content\/uploads\/2026\/02\/MESAS-DE-EXAMEN-FEB._MAR.-2026-JUEVES-1-1.pdf\" class=\"wp-block-file__button wp-element-button\" download aria-describedby=\"wp-block-file--media-5f155818-ae6b-40f8-a094-c7e8fa4c0c9c\">Descarga<\/a><\/div>\n\n\n\n<div class=\"wp-block-file\"><object class=\"wp-block-file__embed\" data=\"https:\/\/ens41-sfe.infd.edu.ar\/sitio\/wp-content\/uploads\/2026\/02\/PROFESORADO-DE-ARTES-VISUALES-CON-ORIENTACION-EN-PRODUCCION.pdf\" type=\"application\/pdf\" style=\"width:100%;height:600px\" aria-label=\"Incrustado de PROFESORADO-DE-ARTES-VISUALES-CON-ORIENTACION-EN-PRODUCCION.\"><\/object><a id=\"wp-block-file--media-efd1d456-ee54-4e13-9c24-2320287dbe17\" href=\"https:\/\/ens41-sfe.infd.edu.ar\/sitio\/wp-content\/uploads\/2026\/02\/PROFESORADO-DE-ARTES-VISUALES-CON-ORIENTACION-EN-PRODUCCION.pdf\">PROFESORADO-DE-ARTES-VISUALES-CON-ORIENTACION-EN-PRODUCCION<\/a><a href=\"https:\/\/ens41-sfe.infd.edu.ar\/sitio\/wp-content\/uploads\/2026\/02\/PROFESORADO-DE-ARTES-VISUALES-CON-ORIENTACION-EN-PRODUCCION.pdf\" class=\"wp-block-file__button wp-element-button\" download aria-describedby=\"wp-block-file--media-efd1d456-ee54-4e13-9c24-2320287dbe17\">Descarga<\/a><\/div>\n\n\n\n<div class=\"wp-block-file\"><object class=\"wp-block-file__embed\" data=\"https:\/\/ens41-sfe.infd.edu.ar\/sitio\/wp-content\/uploads\/2026\/02\/PROFESORADO-DE-EDUCACION-PRIMARIA.pdf\" type=\"application\/pdf\" style=\"width:100%;height:600px\" aria-label=\"Incrustado de PROFESORADO-DE-EDUCACION-PRIMARIA.\"><\/object><a id=\"wp-block-file--media-1f4539a3-e401-479b-b8cb-19e85e4e1b64\" href=\"https:\/\/ens41-sfe.infd.edu.ar\/sitio\/wp-content\/uploads\/2026\/02\/PROFESORADO-DE-EDUCACION-PRIMARIA.pdf\">PROFESORADO-DE-EDUCACION-PRIMARIA<\/a><a href=\"https:\/\/ens41-sfe.infd.edu.ar\/sitio\/wp-content\/uploads\/2026\/02\/PROFESORADO-DE-EDUCACION-PRIMARIA.pdf\" class=\"wp-block-file__button wp-element-button\" download aria-describedby=\"wp-block-file--media-1f4539a3-e401-479b-b8cb-19e85e4e1b64\">Descarga<\/a><\/div>\n\n\n\n<div class=\"wp-block-file\"><object class=\"wp-block-file__embed\" data=\"https:\/\/ens41-sfe.infd.edu.ar\/sitio\/wp-content\/uploads\/2026\/02\/PROFESORADO-DE-EDUCACION-SECUNDARIA-EN-ECONOMIA.pdf\" type=\"application\/pdf\" style=\"width:100%;height:600px\" aria-label=\"Incrustado de PROFESORADO-DE-EDUCACION-SECUNDARIA-EN-ECONOMIA.\"><\/object><a id=\"wp-block-file--media-fe0fc820-3407-41d6-97ce-b2863285adc1\" href=\"https:\/\/ens41-sfe.infd.edu.ar\/sitio\/wp-content\/uploads\/2026\/02\/PROFESORADO-DE-EDUCACION-SECUNDARIA-EN-ECONOMIA.pdf\">PROFESORADO-DE-EDUCACION-SECUNDARIA-EN-ECONOMIA<\/a><a href=\"https:\/\/ens41-sfe.infd.edu.ar\/sitio\/wp-content\/uploads\/2026\/02\/PROFESORADO-DE-EDUCACION-SECUNDARIA-EN-ECONOMIA.pdf\" class=\"wp-block-file__button wp-element-button\" download aria-describedby=\"wp-block-file--media-fe0fc820-3407-41d6-97ce-b2863285adc1\">Descarga<\/a><\/div>\n\n\n\n<div class=\"wp-block-file\"><object class=\"wp-block-file__embed\" data=\"https:\/\/ens41-sfe.infd.edu.ar\/sitio\/wp-content\/uploads\/2026\/02\/PROFESORADO-DE-LENGUA-Y-LITERATURA.pdf\" type=\"application\/pdf\" style=\"width:100%;height:600px\" aria-label=\"Incrustado de PROFESORADO-DE-LENGUA-Y-LITERATURA.\"><\/object><a id=\"wp-block-file--media-dd74b607-8446-4dcb-8610-7d03db507607\" href=\"https:\/\/ens41-sfe.infd.edu.ar\/sitio\/wp-content\/uploads\/2026\/02\/PROFESORADO-DE-LENGUA-Y-LITERATURA.pdf\">PROFESORADO-DE-LENGUA-Y-LITERATURA<\/a><a href=\"https:\/\/ens41-sfe.infd.edu.ar\/sitio\/wp-content\/uploads\/2026\/02\/PROFESORADO-DE-LENGUA-Y-LITERATURA.pdf\" class=\"wp-block-file__button wp-element-button\" download aria-describedby=\"wp-block-file--media-dd74b607-8446-4dcb-8610-7d03db507607\">Descarga<\/a><\/div>\n\n\n\n<div class=\"wp-block-file\"><object class=\"wp-block-file__embed\" data=\"https:\/\/ens41-sfe.infd.edu.ar\/sitio\/wp-content\/uploads\/2026\/02\/TECNICATURA-EN-GESTION-INDUSTRIAL.pdf\" type=\"application\/pdf\" style=\"width:100%;height:600px\" aria-label=\"Incrustado de TECNICATURA-EN-GESTION-INDUSTRIAL.\"><\/object><a id=\"wp-block-file--media-9519359b-ecb8-41fc-a63d-ffca3bd804e1\" href=\"https:\/\/ens41-sfe.infd.edu.ar\/sitio\/wp-content\/uploads\/2026\/02\/TECNICATURA-EN-GESTION-INDUSTRIAL.pdf\">TECNICATURA-EN-GESTION-INDUSTRIAL<\/a><a href=\"https:\/\/ens41-sfe.infd.edu.ar\/sitio\/wp-content\/uploads\/2026\/02\/TECNICATURA-EN-GESTION-INDUSTRIAL.pdf\" class=\"wp-block-file__button wp-element-button\" download aria-describedby=\"wp-block-file--media-9519359b-ecb8-41fc-a63d-ffca3bd804e1\">Descarga<\/a><\/div>\n\n\n\n<div class=\"wp-block-file\"><object class=\"wp-block-file__embed\" data=\"https:\/\/ens41-sfe.infd.edu.ar\/sitio\/wp-content\/uploads\/2026\/02\/TECNICATURA-EN-RECURSOS-HUMANOS.pdf\" type=\"application\/pdf\" style=\"width:100%;height:600px\" aria-label=\"Incrustado de TECNICATURA-EN-RECURSOS-HUMANOS.\"><\/object><a id=\"wp-block-file--media-462ea39c-ea4f-4a93-9c32-650f99e5421b\" href=\"https:\/\/ens41-sfe.infd.edu.ar\/sitio\/wp-content\/uploads\/2026\/02\/TECNICATURA-EN-RECURSOS-HUMANOS.pdf\">TECNICATURA-EN-RECURSOS-HUMANOS<\/a><a href=\"https:\/\/ens41-sfe.infd.edu.ar\/sitio\/wp-content\/uploads\/2026\/02\/TECNICATURA-EN-RECURSOS-HUMANOS.pdf\" class=\"wp-block-file__button wp-element-button\" download aria-describedby=\"wp-block-file--media-462ea39c-ea4f-4a93-9c32-650f99e5421b\">Descarga<\/a><\/div>\n","protected":false},"excerpt":{"rendered":"<p>Fechas de mesas de ex\u00e1menes ATENCI\u00d3N: se encontrar\u00e1 una nueva PLANILLA DE INSCRIPCION en Librer\u00eda de Sergio a partir de Febrero 2026 Entregar planilla por duplicado, se entrega 1 planilla por a\u00f1o, sin importar la condici\u00f3n del alumno (libre\/regular). Aqu\u00ed encontrar\u00e1n todas las carreras por a\u00f1o INFORMAR EN MESA DE ENTRADA SI TIENEN QUE MODIFICAR &#8230; <a title=\"EX\u00c1MENES FEBRERO &#8211; MARZO 2026\" class=\"read-more\" href=\"https:\/\/ens41-sfe.infd.edu.ar\/sitio\/alumnado\/examenes-finales-nov-dic-2023\/\" aria-label=\"More on EX\u00c1MENES FEBRERO &#8211; MARZO 2026\">[+]<\/a><\/p>\n","protected":false},"author":12,"featured_media":0,"parent":1460,"menu_order":0,"comment_status":"closed","ping_status":"closed","template":"","meta":[],"acf":[],"_links":{"self":[{"href":"https:\/\/ens41-sfe.infd.edu.ar\/sitio\/wp-json\/wp\/v2\/pages\/1469"}],"collection":[{"href":"https:\/\/ens41-sfe.infd.edu.ar\/sitio\/wp-json\/wp\/v2\/pages"}],"about":[{"href":"https:\/\/ens41-sfe.infd.edu.ar\/sitio\/wp-json\/wp\/v2\/types\/page"}],"author":[{"embeddable":true,"href":"https:\/\/ens41-sfe.infd.edu.ar\/sitio\/wp-json\/wp\/v2\/users\/12"}],"replies":[{"embeddable":true,"href":"https:\/\/ens41-sfe.infd.edu.ar\/sitio\/wp-json\/wp\/v2\/comments?post=1469"}],"version-history":[{"count":28,"href":"https:\/\/ens41-sfe.infd.edu.ar\/sitio\/wp-json\/wp\/v2\/pages\/1469\/revisions"}],"predecessor-version":[{"id":2135,"href":"https:\/\/ens41-sfe.infd.edu.ar\/sitio\/wp-json\/wp\/v2\/pages\/1469\/revisions\/2135"}],"up":[{"embeddable":true,"href":"https:\/\/ens41-sfe.infd.edu.ar\/sitio\/wp-json\/wp\/v2\/pages\/1460"}],"wp:attachment":[{"href":"https:\/\/ens41-sfe.infd.edu.ar\/sitio\/wp-json\/wp\/v2\/media?parent=1469"}],"curies":[{"name":"wp","href":"https:\/\/api.w.org\/{rel}","templated":true}]}}