{"id":1488,"date":"2023-11-24T16:33:56","date_gmt":"2023-11-24T19:33:56","guid":{"rendered":"https:\/\/ens41-sfe.infd.edu.ar\/sitio\/?page_id=1488"},"modified":"2026-03-27T17:55:59","modified_gmt":"2026-03-27T20:55:59","slug":"tecnicatura-superior-en-recursos-humanos","status":"publish","type":"page","link":"https:\/\/ens41-sfe.infd.edu.ar\/sitio\/tecnicatura-superior-en-recursos-humanos\/","title":{"rendered":"TECNICATURA SUPERIOR EN RECURSOS HUMANOS"},"content":{"rendered":"\n<p class=\"has-electric-grass-gradient-background has-background has-medium-font-size\"><strong><em>Dise\u00f1o Curricular <\/em><\/strong><\/p>\n\n\n\n<p>Para ver el dise\u00f1o curricular hacer click&nbsp;<a href=\"https:\/\/drive.google.com\/file\/d\/13VOzEzYmiru72m-g5wB6LJ3lE--3yNwc\/view?usp=drive_link\" target=\"_blank\" rel=\"noreferrer noopener\">aqu\u00ed<\/a><\/p>\n\n\n\n<div class=\"wp-block-file\"><object class=\"wp-block-file__embed\" data=\"https:\/\/ens41-sfe.infd.edu.ar\/sitio\/wp-content\/uploads\/2024\/04\/Dcto-205_04-Tecnico-Superior-en-Recursos-Humanos.pdf\" type=\"application\/pdf\" style=\"width:100%;height:600px\" aria-label=\"Incrustado de Dcto-205_04-Tecnico-Superior-en-Recursos-Humanos.\"><\/object><a id=\"wp-block-file--media-58da0395-9ae0-4236-8115-8cca0f64a5c9\" href=\"https:\/\/ens41-sfe.infd.edu.ar\/sitio\/wp-content\/uploads\/2024\/04\/Dcto-205_04-Tecnico-Superior-en-Recursos-Humanos.pdf\">Dcto-205_04-Tecnico-Superior-en-Recursos-Humanos<\/a><a href=\"https:\/\/ens41-sfe.infd.edu.ar\/sitio\/wp-content\/uploads\/2024\/04\/Dcto-205_04-Tecnico-Superior-en-Recursos-Humanos.pdf\" class=\"wp-block-file__button wp-element-button\" download aria-describedby=\"wp-block-file--media-58da0395-9ae0-4236-8115-8cca0f64a5c9\">Descarga<\/a><\/div>\n\n\n\n<p class=\"has-electric-grass-gradient-background has-background has-medium-font-size\"><strong><em>Plan de estudio <\/em><\/strong><\/p>\n\n\n\n<div class=\"wp-block-file\"><object class=\"wp-block-file__embed\" data=\"https:\/\/ens41-sfe.infd.edu.ar\/sitio\/wp-content\/uploads\/2023\/11\/ESTRUCTURA-CURRICULAR-TECNICATURA-SUPERIOR-EN-RECURSOS-HUMANOS-205-04-1.pdf\" type=\"application\/pdf\" style=\"width:100%;height:200px\" aria-label=\"Incrustado de ESTRUCTURA-CURRICULAR-TECNICATURA-SUPERIOR-EN-RECURSOS-HUMANOS-205-04-1.\"><\/object><a id=\"wp-block-file--media-674f51b4-09d1-48b9-af47-286f78851580\" href=\"https:\/\/ens41-sfe.infd.edu.ar\/sitio\/wp-content\/uploads\/2023\/11\/ESTRUCTURA-CURRICULAR-TECNICATURA-SUPERIOR-EN-RECURSOS-HUMANOS-205-04-1.pdf\">ESTRUCTURA-CURRICULAR-TECNICATURA-SUPERIOR-EN-RECURSOS-HUMANOS-205-04-1<\/a><\/div>\n\n\n\n<p><\/p>\n\n\n\n<p class=\"has-electric-grass-gradient-background has-background\"><strong><em>Correlatividades<\/em><\/strong><\/p>\n\n\n\n<div class=\"wp-block-file\"><object class=\"wp-block-file__embed\" data=\"https:\/\/ens41-sfe.infd.edu.ar\/sitio\/wp-content\/uploads\/2024\/04\/CORRELATIVIDADES-Tecnico-Superior-en-Recursos-Humanos.pdf\" type=\"application\/pdf\" style=\"width:100%;height:600px\" aria-label=\"Incrustado de CORRELATIVIDADES-Tecnico-Superior-en-Recursos-Humanos.\"><\/object><a id=\"wp-block-file--media-639626ef-2a98-4f46-acf5-955b88a3f56e\" href=\"https:\/\/ens41-sfe.infd.edu.ar\/sitio\/wp-content\/uploads\/2024\/04\/CORRELATIVIDADES-Tecnico-Superior-en-Recursos-Humanos.pdf\">CORRELATIVIDADES-Tecnico-Superior-en-Recursos-Humanos<\/a><a href=\"https:\/\/ens41-sfe.infd.edu.ar\/sitio\/wp-content\/uploads\/2024\/04\/CORRELATIVIDADES-Tecnico-Superior-en-Recursos-Humanos.pdf\" class=\"wp-block-file__button wp-element-button\" download aria-describedby=\"wp-block-file--media-639626ef-2a98-4f46-acf5-955b88a3f56e\">Descarga<\/a><\/div>\n\n\n\n<p class=\"has-electric-grass-gradient-background has-background\"><strong><em>H<\/em><\/strong>ORARIOS<\/p>\n\n\n\n<div class=\"wp-block-file\"><object class=\"wp-block-file__embed\" data=\"https:\/\/ens41-sfe.infd.edu.ar\/sitio\/wp-content\/uploads\/2026\/03\/1\u00b0-RRHH-1.pdf\" type=\"application\/pdf\" style=\"width:100%;height:600px\" aria-label=\"Incrustado de 1\u00b0-RRHH-1.\"><\/object><a id=\"wp-block-file--media-0d49f94b-5b3b-49d5-977b-cdf0330aacd1\" href=\"https:\/\/ens41-sfe.infd.edu.ar\/sitio\/wp-content\/uploads\/2026\/03\/1\u00b0-RRHH-1.pdf\">1\u00b0-RRHH-1<\/a><a href=\"https:\/\/ens41-sfe.infd.edu.ar\/sitio\/wp-content\/uploads\/2026\/03\/1\u00b0-RRHH-1.pdf\" class=\"wp-block-file__button wp-element-button\" download aria-describedby=\"wp-block-file--media-0d49f94b-5b3b-49d5-977b-cdf0330aacd1\">Descarga<\/a><\/div>\n\n\n\n<div class=\"wp-block-file\"><object class=\"wp-block-file__embed\" data=\"https:\/\/ens41-sfe.infd.edu.ar\/sitio\/wp-content\/uploads\/2026\/03\/2\u00b0-RRHH-1.pdf\" type=\"application\/pdf\" style=\"width:100%;height:600px\" aria-label=\"Incrustado de 2\u00b0-RRHH-1.\"><\/object><a id=\"wp-block-file--media-5e118282-b55f-46fd-b6a7-149a908178cb\" href=\"https:\/\/ens41-sfe.infd.edu.ar\/sitio\/wp-content\/uploads\/2026\/03\/2\u00b0-RRHH-1.pdf\">2\u00b0-RRHH-1<\/a><a href=\"https:\/\/ens41-sfe.infd.edu.ar\/sitio\/wp-content\/uploads\/2026\/03\/2\u00b0-RRHH-1.pdf\" class=\"wp-block-file__button wp-element-button\" download aria-describedby=\"wp-block-file--media-5e118282-b55f-46fd-b6a7-149a908178cb\">Descarga<\/a><\/div>\n\n\n\n<div class=\"wp-block-file\"><object class=\"wp-block-file__embed\" data=\"https:\/\/ens41-sfe.infd.edu.ar\/sitio\/wp-content\/uploads\/2026\/03\/3\u00b0-RRHH-1.pdf\" type=\"application\/pdf\" style=\"width:100%;height:600px\" aria-label=\"Incrustado de 3\u00b0-RRHH-1.\"><\/object><a id=\"wp-block-file--media-85000f89-5e8d-4e6c-a32d-e7415f7f5166\" href=\"https:\/\/ens41-sfe.infd.edu.ar\/sitio\/wp-content\/uploads\/2026\/03\/3\u00b0-RRHH-1.pdf\">3\u00b0-RRHH-1<\/a><a href=\"https:\/\/ens41-sfe.infd.edu.ar\/sitio\/wp-content\/uploads\/2026\/03\/3\u00b0-RRHH-1.pdf\" class=\"wp-block-file__button wp-element-button\" download aria-describedby=\"wp-block-file--media-85000f89-5e8d-4e6c-a32d-e7415f7f5166\">Descarga<\/a><\/div>\n","protected":false},"excerpt":{"rendered":"<p>Dise\u00f1o Curricular Para ver el dise\u00f1o curricular hacer click&nbsp;aqu\u00ed Plan de estudio Correlatividades HORARIOS<\/p>\n","protected":false},"author":12,"featured_media":0,"parent":0,"menu_order":0,"comment_status":"closed","ping_status":"closed","template":"","meta":[],"acf":[],"_links":{"self":[{"href":"https:\/\/ens41-sfe.infd.edu.ar\/sitio\/wp-json\/wp\/v2\/pages\/1488"}],"collection":[{"href":"https:\/\/ens41-sfe.infd.edu.ar\/sitio\/wp-json\/wp\/v2\/pages"}],"about":[{"href":"https:\/\/ens41-sfe.infd.edu.ar\/sitio\/wp-json\/wp\/v2\/types\/page"}],"author":[{"embeddable":true,"href":"https:\/\/ens41-sfe.infd.edu.ar\/sitio\/wp-json\/wp\/v2\/users\/12"}],"replies":[{"embeddable":true,"href":"https:\/\/ens41-sfe.infd.edu.ar\/sitio\/wp-json\/wp\/v2\/comments?post=1488"}],"version-history":[{"count":10,"href":"https:\/\/ens41-sfe.infd.edu.ar\/sitio\/wp-json\/wp\/v2\/pages\/1488\/revisions"}],"predecessor-version":[{"id":2190,"href":"https:\/\/ens41-sfe.infd.edu.ar\/sitio\/wp-json\/wp\/v2\/pages\/1488\/revisions\/2190"}],"wp:attachment":[{"href":"https:\/\/ens41-sfe.infd.edu.ar\/sitio\/wp-json\/wp\/v2\/media?parent=1488"}],"curies":[{"name":"wp","href":"https:\/\/api.w.org\/{rel}","templated":true}]}}