{"id":1497,"date":"2023-11-24T16:35:55","date_gmt":"2023-11-24T19:35:55","guid":{"rendered":"https:\/\/ens41-sfe.infd.edu.ar\/sitio\/?page_id=1497"},"modified":"2026-03-04T19:23:16","modified_gmt":"2026-03-04T22:23:16","slug":"tecnicatura-superior-en-gestion-industrial","status":"publish","type":"page","link":"https:\/\/ens41-sfe.infd.edu.ar\/sitio\/tecnicatura-superior-en-gestion-industrial\/","title":{"rendered":"TECNICATURA SUPERIOR EN GESTI\u00d3N INDUSTRIAL"},"content":{"rendered":"\n<p class=\"has-electric-grass-gradient-background has-background has-medium-font-size\"><strong><em>Dise\u00f1o Curricular <\/em><\/strong><\/p>\n\n\n\n<p>Para ver el dise\u00f1o curricular hacer click&nbsp;<a href=\"https:\/\/drive.google.com\/file\/d\/1ah8auU_kxu1anBB0BSb2EKXJkeq4DB-h\/view?usp=drive_link\" target=\"_blank\" rel=\"noreferrer noopener\">aqu\u00ed<\/a><\/p>\n\n\n\n<p><\/p>\n\n\n\n<p class=\"has-electric-grass-gradient-background has-background has-medium-font-size\"><strong><em>Plan de estudio <\/em><\/strong><\/p>\n\n\n\n<div class=\"wp-block-file\"><object class=\"wp-block-file__embed\" data=\"https:\/\/ens41-sfe.infd.edu.ar\/sitio\/wp-content\/uploads\/2023\/11\/Tecnico-en-Gestion-Industrial-Plan-de-estudio.pdf\" type=\"application\/pdf\" style=\"width:100%;height:200px\" aria-label=\"Incrustado de Tecnico-en-Gestion-Industrial-Plan-de-estudio.\"><\/object><a id=\"wp-block-file--media-999944c0-e217-40da-8044-08ea746cdf0b\" href=\"https:\/\/ens41-sfe.infd.edu.ar\/sitio\/wp-content\/uploads\/2023\/11\/Tecnico-en-Gestion-Industrial-Plan-de-estudio.pdf\">Tecnico-en-Gestion-Industrial-Plan-de-estudio<\/a><a href=\"https:\/\/ens41-sfe.infd.edu.ar\/sitio\/wp-content\/uploads\/2023\/11\/Tecnico-en-Gestion-Industrial-Plan-de-estudio.pdf\" class=\"wp-block-file__button wp-element-button\" download aria-describedby=\"wp-block-file--media-999944c0-e217-40da-8044-08ea746cdf0b\">Descarga<\/a><\/div>\n\n\n\n<p><\/p>\n\n\n\n<p class=\"has-electric-grass-gradient-background has-background has-medium-font-size\"><strong><em>Correlatividades<\/em><\/strong><\/p>\n\n\n\n<div class=\"wp-block-file\"><object class=\"wp-block-file__embed\" data=\"https:\/\/ens41-sfe.infd.edu.ar\/sitio\/wp-content\/uploads\/2023\/11\/Tecnico-en-Gestion-Industrial-correlatividades.pdf\" type=\"application\/pdf\" style=\"width:100%;height:200px\" aria-label=\"Incrustado de Tecnico-en-Gestion-Industrial-correlatividades.\"><\/object><a id=\"wp-block-file--media-57841a11-0568-4b30-a5d4-06f7682947a5\" href=\"https:\/\/ens41-sfe.infd.edu.ar\/sitio\/wp-content\/uploads\/2023\/11\/Tecnico-en-Gestion-Industrial-correlatividades.pdf\">Tecnico-en-Gestion-Industrial-correlatividades<\/a><a href=\"https:\/\/ens41-sfe.infd.edu.ar\/sitio\/wp-content\/uploads\/2023\/11\/Tecnico-en-Gestion-Industrial-correlatividades.pdf\" class=\"wp-block-file__button wp-element-button\" download aria-describedby=\"wp-block-file--media-57841a11-0568-4b30-a5d4-06f7682947a5\">Descarga<\/a><\/div>\n\n\n\n<p><\/p>\n\n\n\n<p class=\"has-electric-grass-gradient-background has-background has-medium-font-size\"><strong><em>Horarios<\/em><\/strong><\/p>\n\n\n\n<p>PROXIMAMENTE<\/p>\n\n\n\n<div class=\"wp-block-file\"><object class=\"wp-block-file__embed\" data=\"https:\/\/ens41-sfe.infd.edu.ar\/sitio\/wp-content\/uploads\/2026\/03\/1\u00b0-GESTION-INDUSTRIAL.pdf\" type=\"application\/pdf\" style=\"width:100%;height:600px\" aria-label=\"Incrustado de 1\u00b0-GESTION-INDUSTRIAL.\"><\/object><a id=\"wp-block-file--media-49a33a6c-e079-41b6-b523-0e129fb62d40\" href=\"https:\/\/ens41-sfe.infd.edu.ar\/sitio\/wp-content\/uploads\/2026\/03\/1\u00b0-GESTION-INDUSTRIAL.pdf\">1\u00b0-GESTION-INDUSTRIAL<\/a><a href=\"https:\/\/ens41-sfe.infd.edu.ar\/sitio\/wp-content\/uploads\/2026\/03\/1\u00b0-GESTION-INDUSTRIAL.pdf\" class=\"wp-block-file__button wp-element-button\" download aria-describedby=\"wp-block-file--media-49a33a6c-e079-41b6-b523-0e129fb62d40\">Descarga<\/a><\/div>\n\n\n\n<div class=\"wp-block-file\"><object class=\"wp-block-file__embed\" data=\"https:\/\/ens41-sfe.infd.edu.ar\/sitio\/wp-content\/uploads\/2026\/03\/2\u00b0-GESTION-INDUSTRIAL.pdf\" type=\"application\/pdf\" style=\"width:100%;height:600px\" aria-label=\"Incrustado de 2\u00b0-GESTION-INDUSTRIAL.\"><\/object><a id=\"wp-block-file--media-7999b5fb-e48f-4654-88a9-bcc718856488\" href=\"https:\/\/ens41-sfe.infd.edu.ar\/sitio\/wp-content\/uploads\/2026\/03\/2\u00b0-GESTION-INDUSTRIAL.pdf\">2\u00b0-GESTION-INDUSTRIAL<\/a><a href=\"https:\/\/ens41-sfe.infd.edu.ar\/sitio\/wp-content\/uploads\/2026\/03\/2\u00b0-GESTION-INDUSTRIAL.pdf\" class=\"wp-block-file__button wp-element-button\" download aria-describedby=\"wp-block-file--media-7999b5fb-e48f-4654-88a9-bcc718856488\">Descarga<\/a><\/div>\n\n\n\n<div class=\"wp-block-file\"><object class=\"wp-block-file__embed\" data=\"https:\/\/ens41-sfe.infd.edu.ar\/sitio\/wp-content\/uploads\/2026\/03\/3\u00b0-GESTION-INDUSTRIAL.pdf\" type=\"application\/pdf\" style=\"width:100%;height:600px\" aria-label=\"Incrustado de 3\u00b0-GESTION-INDUSTRIAL.\"><\/object><a id=\"wp-block-file--media-1fcc5e64-c10d-4ff6-be4b-68ca16805e0b\" href=\"https:\/\/ens41-sfe.infd.edu.ar\/sitio\/wp-content\/uploads\/2026\/03\/3\u00b0-GESTION-INDUSTRIAL.pdf\">3\u00b0-GESTION-INDUSTRIAL<\/a><a href=\"https:\/\/ens41-sfe.infd.edu.ar\/sitio\/wp-content\/uploads\/2026\/03\/3\u00b0-GESTION-INDUSTRIAL.pdf\" class=\"wp-block-file__button wp-element-button\" download aria-describedby=\"wp-block-file--media-1fcc5e64-c10d-4ff6-be4b-68ca16805e0b\">Descarga<\/a><\/div>\n","protected":false},"excerpt":{"rendered":"<p>Dise\u00f1o Curricular Para ver el dise\u00f1o curricular hacer click&nbsp;aqu\u00ed Plan de estudio Correlatividades Horarios PROXIMAMENTE<\/p>\n","protected":false},"author":12,"featured_media":0,"parent":0,"menu_order":0,"comment_status":"closed","ping_status":"closed","template":"","meta":[],"acf":[],"_links":{"self":[{"href":"https:\/\/ens41-sfe.infd.edu.ar\/sitio\/wp-json\/wp\/v2\/pages\/1497"}],"collection":[{"href":"https:\/\/ens41-sfe.infd.edu.ar\/sitio\/wp-json\/wp\/v2\/pages"}],"about":[{"href":"https:\/\/ens41-sfe.infd.edu.ar\/sitio\/wp-json\/wp\/v2\/types\/page"}],"author":[{"embeddable":true,"href":"https:\/\/ens41-sfe.infd.edu.ar\/sitio\/wp-json\/wp\/v2\/users\/12"}],"replies":[{"embeddable":true,"href":"https:\/\/ens41-sfe.infd.edu.ar\/sitio\/wp-json\/wp\/v2\/comments?post=1497"}],"version-history":[{"count":5,"href":"https:\/\/ens41-sfe.infd.edu.ar\/sitio\/wp-json\/wp\/v2\/pages\/1497\/revisions"}],"predecessor-version":[{"id":2145,"href":"https:\/\/ens41-sfe.infd.edu.ar\/sitio\/wp-json\/wp\/v2\/pages\/1497\/revisions\/2145"}],"wp:attachment":[{"href":"https:\/\/ens41-sfe.infd.edu.ar\/sitio\/wp-json\/wp\/v2\/media?parent=1497"}],"curies":[{"name":"wp","href":"https:\/\/api.w.org\/{rel}","templated":true}]}}