{"id":1629,"date":"2024-03-18T15:12:54","date_gmt":"2024-03-18T18:12:54","guid":{"rendered":"https:\/\/ens41-sfe.infd.edu.ar\/sitio\/?page_id=1629"},"modified":"2026-03-06T20:51:46","modified_gmt":"2026-03-06T23:51:46","slug":"inscripciones-a-materias-2024","status":"publish","type":"page","link":"https:\/\/ens41-sfe.infd.edu.ar\/sitio\/inscripciones-a-materias-2024\/","title":{"rendered":"INSCRIPCIONES A MATERIAS 2026"},"content":{"rendered":"\n<p>Las planillas pueden ser descargadas por ac\u00e1 o se pueden solicitar en la Librer\u00eda de Sergio (frente al Terciario, por calle Corrientes) y deben presentarse en Mesa de Entrada.<\/p>\n\n\n\n<p>TECNICO SUPERIOR EN GESTI\u00d3N INDUSTRIAL<\/p>\n\n\n\n<div class=\"wp-block-file\"><object class=\"wp-block-file__embed\" data=\"https:\/\/ens41-sfe.infd.edu.ar\/sitio\/wp-content\/uploads\/2026\/03\/GESTION-INDUSTRIAL.pdf\" type=\"application\/pdf\" style=\"width:100%;height:600px\" aria-label=\"Incrustado de GESTION-INDUSTRIAL.\"><\/object><a id=\"wp-block-file--media-d851ff44-b58e-49f2-a056-3ae7a72ab6a0\" href=\"https:\/\/ens41-sfe.infd.edu.ar\/sitio\/wp-content\/uploads\/2026\/03\/GESTION-INDUSTRIAL.pdf\">GESTION-INDUSTRIAL<\/a><a href=\"https:\/\/ens41-sfe.infd.edu.ar\/sitio\/wp-content\/uploads\/2026\/03\/GESTION-INDUSTRIAL.pdf\" class=\"wp-block-file__button wp-element-button\" download aria-describedby=\"wp-block-file--media-d851ff44-b58e-49f2-a056-3ae7a72ab6a0\">Descarga<\/a><\/div>\n\n\n\n<p>T\u00c9CNICO SUPERIOR EN RECURSOS HUMANOS<\/p>\n\n\n\n<div class=\"wp-block-file\"><object class=\"wp-block-file__embed\" data=\"https:\/\/ens41-sfe.infd.edu.ar\/sitio\/wp-content\/uploads\/2026\/03\/RRHH.pdf\" type=\"application\/pdf\" style=\"width:100%;height:600px\" aria-label=\"Incrustado de RRHH.\"><\/object><a id=\"wp-block-file--media-15265523-1efc-4f78-9bd4-61aa962fa22d\" href=\"https:\/\/ens41-sfe.infd.edu.ar\/sitio\/wp-content\/uploads\/2026\/03\/RRHH.pdf\">RRHH<\/a><a href=\"https:\/\/ens41-sfe.infd.edu.ar\/sitio\/wp-content\/uploads\/2026\/03\/RRHH.pdf\" class=\"wp-block-file__button wp-element-button\" download aria-describedby=\"wp-block-file--media-15265523-1efc-4f78-9bd4-61aa962fa22d\">Descarga<\/a><\/div>\n\n\n\n<p>PROFESORADO DE EDUCACI\u00d3N PRIMARIA<\/p>\n\n\n\n<div class=\"wp-block-file\"><object class=\"wp-block-file__embed\" data=\"https:\/\/ens41-sfe.infd.edu.ar\/sitio\/wp-content\/uploads\/2026\/03\/PEP.pdf\" type=\"application\/pdf\" style=\"width:100%;height:600px\" aria-label=\"Incrustado de PEP.\"><\/object><a id=\"wp-block-file--media-a852db7c-1a2a-418f-9411-5c04d2894cf9\" href=\"https:\/\/ens41-sfe.infd.edu.ar\/sitio\/wp-content\/uploads\/2026\/03\/PEP.pdf\">PEP<\/a><a href=\"https:\/\/ens41-sfe.infd.edu.ar\/sitio\/wp-content\/uploads\/2026\/03\/PEP.pdf\" class=\"wp-block-file__button wp-element-button\" download aria-describedby=\"wp-block-file--media-a852db7c-1a2a-418f-9411-5c04d2894cf9\">Descarga<\/a><\/div>\n\n\n\n<p>PROFESORADO DE LENGUA Y LITERATURA<\/p>\n\n\n\n<div class=\"wp-block-file\"><object class=\"wp-block-file__embed\" data=\"https:\/\/ens41-sfe.infd.edu.ar\/sitio\/wp-content\/uploads\/2026\/03\/LENGUA-Y-LITERATURA.pdf\" type=\"application\/pdf\" style=\"width:100%;height:600px\" aria-label=\"Incrustado de LENGUA-Y-LITERATURA.\"><\/object><a id=\"wp-block-file--media-df644659-5429-4fae-a237-53e1d99cd7e2\" href=\"https:\/\/ens41-sfe.infd.edu.ar\/sitio\/wp-content\/uploads\/2026\/03\/LENGUA-Y-LITERATURA.pdf\">LENGUA-Y-LITERATURA<\/a><a href=\"https:\/\/ens41-sfe.infd.edu.ar\/sitio\/wp-content\/uploads\/2026\/03\/LENGUA-Y-LITERATURA.pdf\" class=\"wp-block-file__button wp-element-button\" download aria-describedby=\"wp-block-file--media-df644659-5429-4fae-a237-53e1d99cd7e2\">Descarga<\/a><\/div>\n\n\n\n<p>PROFESORADO DE ARTES VISUALES CON ORIENTACI\u00d3N EN PRODUCCI\u00d3N<\/p>\n\n\n\n<div class=\"wp-block-file\"><object class=\"wp-block-file__embed\" data=\"https:\/\/ens41-sfe.infd.edu.ar\/sitio\/wp-content\/uploads\/2026\/03\/ARTE.pdf\" type=\"application\/pdf\" style=\"width:100%;height:600px\" aria-label=\"Incrustado de ARTE.\"><\/object><a id=\"wp-block-file--media-402a0a0f-185b-4139-9024-55b78b5f2b29\" href=\"https:\/\/ens41-sfe.infd.edu.ar\/sitio\/wp-content\/uploads\/2026\/03\/ARTE.pdf\">ARTE<\/a><a href=\"https:\/\/ens41-sfe.infd.edu.ar\/sitio\/wp-content\/uploads\/2026\/03\/ARTE.pdf\" class=\"wp-block-file__button wp-element-button\" download aria-describedby=\"wp-block-file--media-402a0a0f-185b-4139-9024-55b78b5f2b29\">Descarga<\/a><\/div>\n\n\n\n<p>PROFESORADO DE ECONOM\u00cdA<\/p>\n\n\n\n<div class=\"wp-block-file\"><object class=\"wp-block-file__embed\" data=\"https:\/\/ens41-sfe.infd.edu.ar\/sitio\/wp-content\/uploads\/2026\/03\/ECONOMIA.pdf\" type=\"application\/pdf\" style=\"width:100%;height:600px\" aria-label=\"Incrustado de ECONOMIA.\"><\/object><a id=\"wp-block-file--media-61e8f4a3-e1ff-43ef-883d-bf2e6352a709\" href=\"https:\/\/ens41-sfe.infd.edu.ar\/sitio\/wp-content\/uploads\/2026\/03\/ECONOMIA.pdf\">ECONOMIA<\/a><a href=\"https:\/\/ens41-sfe.infd.edu.ar\/sitio\/wp-content\/uploads\/2026\/03\/ECONOMIA.pdf\" class=\"wp-block-file__button wp-element-button\" download aria-describedby=\"wp-block-file--media-61e8f4a3-e1ff-43ef-883d-bf2e6352a709\">Descarga<\/a><\/div>\n","protected":false},"excerpt":{"rendered":"<p>Las planillas pueden ser descargadas por ac\u00e1 o se pueden solicitar en la Librer\u00eda de Sergio (frente al Terciario, por calle Corrientes) y deben presentarse en Mesa de Entrada. TECNICO SUPERIOR EN GESTI\u00d3N INDUSTRIAL T\u00c9CNICO SUPERIOR EN RECURSOS HUMANOS PROFESORADO DE EDUCACI\u00d3N PRIMARIA PROFESORADO DE LENGUA Y LITERATURA PROFESORADO DE ARTES VISUALES CON ORIENTACI\u00d3N EN &#8230; <a title=\"INSCRIPCIONES A MATERIAS 2026\" class=\"read-more\" href=\"https:\/\/ens41-sfe.infd.edu.ar\/sitio\/inscripciones-a-materias-2024\/\" aria-label=\"More on INSCRIPCIONES A MATERIAS 2026\">[+]<\/a><\/p>\n","protected":false},"author":12,"featured_media":0,"parent":0,"menu_order":0,"comment_status":"closed","ping_status":"closed","template":"","meta":[],"acf":[],"_links":{"self":[{"href":"https:\/\/ens41-sfe.infd.edu.ar\/sitio\/wp-json\/wp\/v2\/pages\/1629"}],"collection":[{"href":"https:\/\/ens41-sfe.infd.edu.ar\/sitio\/wp-json\/wp\/v2\/pages"}],"about":[{"href":"https:\/\/ens41-sfe.infd.edu.ar\/sitio\/wp-json\/wp\/v2\/types\/page"}],"author":[{"embeddable":true,"href":"https:\/\/ens41-sfe.infd.edu.ar\/sitio\/wp-json\/wp\/v2\/users\/12"}],"replies":[{"embeddable":true,"href":"https:\/\/ens41-sfe.infd.edu.ar\/sitio\/wp-json\/wp\/v2\/comments?post=1629"}],"version-history":[{"count":11,"href":"https:\/\/ens41-sfe.infd.edu.ar\/sitio\/wp-json\/wp\/v2\/pages\/1629\/revisions"}],"predecessor-version":[{"id":2174,"href":"https:\/\/ens41-sfe.infd.edu.ar\/sitio\/wp-json\/wp\/v2\/pages\/1629\/revisions\/2174"}],"wp:attachment":[{"href":"https:\/\/ens41-sfe.infd.edu.ar\/sitio\/wp-json\/wp\/v2\/media?parent=1629"}],"curies":[{"name":"wp","href":"https:\/\/api.w.org\/{rel}","templated":true}]}}