{"id":1948,"date":"2025-03-12T16:15:17","date_gmt":"2025-03-12T19:15:17","guid":{"rendered":"https:\/\/ens41-sfe.infd.edu.ar\/sitio\/?page_id=1948"},"modified":"2025-03-12T16:27:31","modified_gmt":"2025-03-12T19:27:31","slug":"inscripcion-a-adscripciones","status":"publish","type":"page","link":"https:\/\/ens41-sfe.infd.edu.ar\/sitio\/inscripcion-a-adscripciones\/","title":{"rendered":"INSCRIPCI\u00d3N A ADSCRIPCIONES"},"content":{"rendered":"\n<p>Lineamientos generales para solicitar adscripci\u00f3n docente:<br>* El Instituto ofrecer\u00e1 el cursado de Adscripciones a los\/as graduados\/as en instituciones de Nivel Superior, sean o no egresados de nuestro Instituto en los\/as distintos\/as espacios\/unidades curriculares para los cuales tiene competencias su titulaci\u00f3n, siendo ofrecidas para un\/a Adscripto\/a por espacio\/unidad curricular cada dos a\u00f1os, dando prioridad a los\/as egresados\/as de nuestra Instituci\u00f3n.<br><br>* De los requisitos: Ser\u00e1n requisitos: a) Poseer t\u00edtulo de Nivel Terciario o Nivel Superior cuyos estudios incluyan ese espacio o unidad curricular (o los respectivos contenidos) como especifica de la Carrera. b) Haber obtenido un promedio m\u00ednimo de 8 (ocho) en el\/la espacio\/unidad curricular o su hom\u00f3logo\/a elegid\/a. c) Haber presentado su solicitud de Adscripci\u00f3n en el lapso comprendido entre el 1\u00b0 de Diciembre y el 31 de Marzo del a\u00f1o siguiente.<br><br>* De las obligaciones: a) Asistir durante 2 a\u00f1os continuos con un m\u00ednimo del 50% de asistencia a las clases dictadas por el\/la Profesor\/a o en su defecto su reemplazante. b) Actuar como ayudante honorario de Trabajos Pr\u00e1cticos. c) Realizar las tareas que le encomienda el\/la docente del\/la espacio\/unidad curricular, quien se encargar\u00e1 de supervisar en forma directa. d) Presentar al finalizar el 1\u00b0 a\u00f1o y antes del 1\u00b0 de marzo del a\u00f1o siguiente un informe escrito sobre los trabajos realizados. El\/la docente se expedir\u00e1 acerca del mismo antes del 1\u00b0 de Abril y la aprobaci\u00f3n correspondiente ser\u00e1 indispensable para que el\/la aspirante pueda continuar la Adscripci\u00f3n. e) Dise\u00f1ar y desarrollar en el 2do a\u00f1o, frente a los\/as estudiantes, una unidad did\u00e1ctica con los contenidos y dem\u00e1s elementos curriculares que se desprendan de la planificaci\u00f3n anual del\/la docente a cargo, acordando fecha con \u00e9ste\/a f) Elaborar en el 2do. a\u00f1o un trabajo final, escrito e individual sobre un tema especial pertinente al\/la espacio\/unidad curricular, el que ser\u00e1 entregado antes del 1\u00b0 de Junio del a\u00f1o siguiente al de finalizaci\u00f3n de la Adscripci\u00f3n. Dicho trabajo final, ser\u00e1 evaluado por el\/la docente de la c\u00e1tedra, el\/la cual posteriormente lo elevar\u00e1 a la Comisi\u00f3n nombrada en el Art. 68. g) El\/la adscripto\/a tendr\u00e1 derecho a solicitar pr\u00f3rroga para la presentaci\u00f3n del trabajo final, con causales debidamente justificadas, hasta el 30 de diciembre del a\u00f1o siguiente de finalizaci\u00f3n de la Adscripci\u00f3n. h) El\/la Adscripto\/a firmar\u00e1 un acta acuerdo aceptando los aspectos que contempla el Art. 72.<\/p>\n\n\n\n<p>* De la aceptaci\u00f3n de la propuesta: La solicitud de Adscripci\u00f3n, ser\u00e1 evaluada por una Comisi\u00f3n integrada por un miembro del equipo directivo, el Jefe de Secci\u00f3n\/Coordinador del \u00e1rea o Coordinador de carrera y el\/la profesor\/a de la Unidad Curricular, quienes deber\u00e1n elaborar un Acta fundamentando la aceptaci\u00f3n o rechazo de la misma. Si hubiera dos o m\u00e1s postulantes a la Adscripci\u00f3n del mismo espacio curricular, se priorizar\u00e1 ser egresado de la Instituci\u00f3n y se seleccionar\u00e1 a aquel que re\u00fana los mejores antecedentes y en el caso que se produjera un empate, entre los aspirantes, el Director dispondr\u00e1 de una Evaluaci\u00f3n sobre los contenidos de la asignatura que ser\u00e1 evaluada por la Comisi\u00f3n antes nombrada.<\/p>\n\n\n\n<p>* Sobre la duraci\u00f3n: Las Adscripciones tendr\u00e1n una duraci\u00f3n m\u00ednima de dos a\u00f1os, debiendo finalizar con la presentaci\u00f3n de un Trabajo final escrito y defendido oralmente ante una Comisi\u00f3n como la mencionada en el art. 68. En caso de no aprobar la defensa del Trabajo Final ante esta Comisi\u00f3n, se otorgar\u00e1 la posibilidad de una segunda instancia de la misma dentro de los de sesenta d\u00edas siguientes. En caso de no aprobar, perder\u00e1 el derecho de la certificaci\u00f3n a la Adscripci\u00f3n.<\/p>\n\n\n\n<p>* Otras cuestiones a tener en cuenta: <\/p>\n\n\n\n<p> El\/la profesor\/a Adscripto no podr\u00e1 hacerse cargo de la Unidad Curricular ante la ausencia del\/la docente a cargo de la misma y particularmente en los Talleres de Pr\u00e1ctica Docente o Profesionalizante no podr\u00e1n observar a los practicantes sin el acompa\u00f1amiento de los\/as Profesores\/as de la C\u00e1tedra durante el primer a\u00f1o.<\/p>\n\n\n\n<p>La Direcci\u00f3n del Instituto, previo Informe del Consejo Institucional, emitir\u00e1 la Disposici\u00f3n que acredite la aprobaci\u00f3n de Ia Adscripci\u00f3n.<\/p>\n\n\n\n<p>La actividad desarrollada por el\/la adscripto\/a en relaci\u00f3n a su rol, no constituir\u00e1 en absoluto v\u00ednculo laboral alguno entre \u00e9ste y la Instituci\u00f3n, el Ministerio de Educaci\u00f3n de la Provincia de Santa Fe y\/o Entidad Patronal.<\/p>\n\n\n\n<p>FORMULARIO DE SOLICITUD:<\/p>\n\n\n\n<div class=\"wp-block-file\"><a id=\"wp-block-file--media-30554552-f726-48f9-a798-fe61cc3367e8\" href=\"https:\/\/ens41-sfe.infd.edu.ar\/sitio\/wp-content\/uploads\/2025\/03\/Solicitud-de-inscripcion.docx\">Solicitud-de-inscripcion<\/a><a href=\"https:\/\/ens41-sfe.infd.edu.ar\/sitio\/wp-content\/uploads\/2025\/03\/Solicitud-de-inscripcion.docx\" class=\"wp-block-file__button wp-element-button\" download aria-describedby=\"wp-block-file--media-30554552-f726-48f9-a798-fe61cc3367e8\">Descarga<\/a><\/div>\n\n\n\n<p><\/p>\n\n\n\n<p><br><\/p>\n\n\n\n<p><\/p>\n","protected":false},"excerpt":{"rendered":"<p>Lineamientos generales para solicitar adscripci\u00f3n docente:* El Instituto ofrecer\u00e1 el cursado de Adscripciones a los\/as graduados\/as en instituciones de Nivel Superior, sean o no egresados de nuestro Instituto en los\/as distintos\/as espacios\/unidades curriculares para los cuales tiene competencias su titulaci\u00f3n, siendo ofrecidas para un\/a Adscripto\/a por espacio\/unidad curricular cada dos a\u00f1os, dando prioridad a los\/as &#8230; <a title=\"INSCRIPCI\u00d3N A ADSCRIPCIONES\" class=\"read-more\" href=\"https:\/\/ens41-sfe.infd.edu.ar\/sitio\/inscripcion-a-adscripciones\/\" aria-label=\"More on INSCRIPCI\u00d3N A ADSCRIPCIONES\">[+]<\/a><\/p>\n","protected":false},"author":12,"featured_media":0,"parent":0,"menu_order":0,"comment_status":"closed","ping_status":"closed","template":"","meta":[],"acf":[],"_links":{"self":[{"href":"https:\/\/ens41-sfe.infd.edu.ar\/sitio\/wp-json\/wp\/v2\/pages\/1948"}],"collection":[{"href":"https:\/\/ens41-sfe.infd.edu.ar\/sitio\/wp-json\/wp\/v2\/pages"}],"about":[{"href":"https:\/\/ens41-sfe.infd.edu.ar\/sitio\/wp-json\/wp\/v2\/types\/page"}],"author":[{"embeddable":true,"href":"https:\/\/ens41-sfe.infd.edu.ar\/sitio\/wp-json\/wp\/v2\/users\/12"}],"replies":[{"embeddable":true,"href":"https:\/\/ens41-sfe.infd.edu.ar\/sitio\/wp-json\/wp\/v2\/comments?post=1948"}],"version-history":[{"count":3,"href":"https:\/\/ens41-sfe.infd.edu.ar\/sitio\/wp-json\/wp\/v2\/pages\/1948\/revisions"}],"predecessor-version":[{"id":1954,"href":"https:\/\/ens41-sfe.infd.edu.ar\/sitio\/wp-json\/wp\/v2\/pages\/1948\/revisions\/1954"}],"wp:attachment":[{"href":"https:\/\/ens41-sfe.infd.edu.ar\/sitio\/wp-json\/wp\/v2\/media?parent=1948"}],"curies":[{"name":"wp","href":"https:\/\/api.w.org\/{rel}","templated":true}]}}