{"id":809,"date":"2018-08-31T14:47:18","date_gmt":"2018-08-31T17:47:18","guid":{"rendered":"https:\/\/ens41-sfe.infd.edu.ar\/sitio\/datos-institucionales\/"},"modified":"2025-09-24T20:15:10","modified_gmt":"2025-09-24T23:15:10","slug":"datos-institucionales","status":"publish","type":"page","link":"https:\/\/ens41-sfe.infd.edu.ar\/sitio\/el-instituto\/datos-institucionales\/","title":{"rendered":"DATOS INSTITUCIONALES"},"content":{"rendered":"<blockquote><p><span style=\"font-family: verdana; font-size: small;\"><u>DATOS DE LA INSTITUCION<\/u>.<br \/>\n<\/span><\/p>\n<ul>\n<li><u><span style=\"font-family: verdana; font-size: small;\">Nombre completo<\/span><span style=\"font-family: verdana; font-size: small;\">:<\/span><\/u><span style=\"font-family: verdana; font-size: small;\">\u00a0 Escuela Normal Superior \u00abJos\u00e9 de San Mart\u00edn\u00bb<\/span><\/li>\n<li><span style=\"font-family: verdana; font-size: small;\"><u>Horarios de atenci\u00f3n<\/u>: Nivel Superior: 17 a 22 hs.<\/span><\/li>\n<li><span style=\"font-family: verdana; font-size: small;\"><u>Direcci\u00f3n<\/u>: Corrientes 1302 &#8211; San Jorge (Santa Fe)<br \/>\n<\/span><\/li>\n<li><span style=\"font-family: verdana; font-size: small;\"><u>Tel\u00e9fonos<\/u>: 03406- 440243 (telefax) \/\u00a0 03406- 442927<br \/>\n<\/span><\/li>\n<li><span style=\"font-family: verdana; font-size: small;\"><u>E-mail de consultas<\/u>: nivelsuperiorsanjorge@gmail.com<br \/>\n<\/span><\/li>\n<li><span style=\"font-family: verdana; font-size: small;\"><u>URL<\/u>: http:\/\/ens41.sfe.infd.edu.ar<br \/>\n<\/span><\/li>\n<\/ul>\n<\/blockquote>\n","protected":false},"excerpt":{"rendered":"<p>DATOS DE LA INSTITUCION. Nombre completo:\u00a0 Escuela Normal Superior \u00abJos\u00e9 de San Mart\u00edn\u00bb Horarios de atenci\u00f3n: Nivel Superior: 17 a 22 hs. Direcci\u00f3n: Corrientes 1302 &#8211; San Jorge (Santa Fe) Tel\u00e9fonos: 03406- 440243 (telefax) \/\u00a0 03406- 442927 E-mail de consultas: nivelsuperiorsanjorge@gmail.com URL: http:\/\/ens41.sfe.infd.edu.ar<\/p>\n","protected":false},"author":39,"featured_media":0,"parent":763,"menu_order":0,"comment_status":"closed","ping_status":"closed","template":"","meta":[],"acf":[],"_links":{"self":[{"href":"https:\/\/ens41-sfe.infd.edu.ar\/sitio\/wp-json\/wp\/v2\/pages\/809"}],"collection":[{"href":"https:\/\/ens41-sfe.infd.edu.ar\/sitio\/wp-json\/wp\/v2\/pages"}],"about":[{"href":"https:\/\/ens41-sfe.infd.edu.ar\/sitio\/wp-json\/wp\/v2\/types\/page"}],"author":[{"embeddable":true,"href":"https:\/\/ens41-sfe.infd.edu.ar\/sitio\/wp-json\/wp\/v2\/users\/39"}],"replies":[{"embeddable":true,"href":"https:\/\/ens41-sfe.infd.edu.ar\/sitio\/wp-json\/wp\/v2\/comments?post=809"}],"version-history":[{"count":4,"href":"https:\/\/ens41-sfe.infd.edu.ar\/sitio\/wp-json\/wp\/v2\/pages\/809\/revisions"}],"predecessor-version":[{"id":2021,"href":"https:\/\/ens41-sfe.infd.edu.ar\/sitio\/wp-json\/wp\/v2\/pages\/809\/revisions\/2021"}],"up":[{"embeddable":true,"href":"https:\/\/ens41-sfe.infd.edu.ar\/sitio\/wp-json\/wp\/v2\/pages\/763"}],"wp:attachment":[{"href":"https:\/\/ens41-sfe.infd.edu.ar\/sitio\/wp-json\/wp\/v2\/media?parent=809"}],"curies":[{"name":"wp","href":"https:\/\/api.w.org\/{rel}","templated":true}]}}