{"id":822,"date":"2018-08-31T14:47:23","date_gmt":"2018-08-31T17:47:23","guid":{"rendered":"https:\/\/ens41-sfe.infd.edu.ar\/sitio\/carreras-de-formacion-docente-y-tecnicas\/"},"modified":"2023-11-24T16:26:14","modified_gmt":"2023-11-24T19:26:14","slug":"carreras-de-formacion-docente-y-tecnicas","status":"publish","type":"page","link":"https:\/\/ens41-sfe.infd.edu.ar\/sitio\/carreras-de-formacion-docente-y-tecnicas\/","title":{"rendered":"CARRERAS DE FORMACI\u00d3N DOCENTE"},"content":{"rendered":"<p>Formaci\u00f3n Docente<\/p>\n<ul>\n<li>Profesorado de Educaci\u00f3n Primaria (Resoluci\u00f3n 528\/09)<\/li>\n<li>Profesorado de Educaci\u00f3n Secundaria en Lengua y Literatura (Resoluci\u00f3n 514\/18)<\/li>\n<li>Profesorado de Arte en Artes Visuales con Orientaci\u00f3n en Producci\u00f3n (Resoluci\u00f3n 528\/09)<\/li>\n<li>Profesorado de Educaci\u00f3n Secundaria en Econom\u00eda (resoluci\u00f3n 528\/09)<\/li>\n<\/ul>\n","protected":false},"excerpt":{"rendered":"<p>Formaci\u00f3n Docente Profesorado de Educaci\u00f3n Primaria (Resoluci\u00f3n 528\/09) Profesorado de Educaci\u00f3n Secundaria en Lengua y Literatura (Resoluci\u00f3n 514\/18) Profesorado de Arte en Artes Visuales con Orientaci\u00f3n en Producci\u00f3n (Resoluci\u00f3n 528\/09) Profesorado de Educaci\u00f3n Secundaria en Econom\u00eda (resoluci\u00f3n 528\/09)<\/p>\n","protected":false},"author":39,"featured_media":0,"parent":0,"menu_order":0,"comment_status":"closed","ping_status":"closed","template":"","meta":[],"acf":[],"_links":{"self":[{"href":"https:\/\/ens41-sfe.infd.edu.ar\/sitio\/wp-json\/wp\/v2\/pages\/822"}],"collection":[{"href":"https:\/\/ens41-sfe.infd.edu.ar\/sitio\/wp-json\/wp\/v2\/pages"}],"about":[{"href":"https:\/\/ens41-sfe.infd.edu.ar\/sitio\/wp-json\/wp\/v2\/types\/page"}],"author":[{"embeddable":true,"href":"https:\/\/ens41-sfe.infd.edu.ar\/sitio\/wp-json\/wp\/v2\/users\/39"}],"replies":[{"embeddable":true,"href":"https:\/\/ens41-sfe.infd.edu.ar\/sitio\/wp-json\/wp\/v2\/comments?post=822"}],"version-history":[{"count":4,"href":"https:\/\/ens41-sfe.infd.edu.ar\/sitio\/wp-json\/wp\/v2\/pages\/822\/revisions"}],"predecessor-version":[{"id":1484,"href":"https:\/\/ens41-sfe.infd.edu.ar\/sitio\/wp-json\/wp\/v2\/pages\/822\/revisions\/1484"}],"wp:attachment":[{"href":"https:\/\/ens41-sfe.infd.edu.ar\/sitio\/wp-json\/wp\/v2\/media?parent=822"}],"curies":[{"name":"wp","href":"https:\/\/api.w.org\/{rel}","templated":true}]}}